{"id":7,"date":"2011-01-11T10:44:42","date_gmt":"2011-01-11T10:44:42","guid":{"rendered":"http:\/\/vecses-zarszerviz.hu\/?page_id=7"},"modified":"2021-04-30T18:38:25","modified_gmt":"2021-04-30T17:38:25","slug":"kapcsolat-regisztracio","status":"publish","type":"page","link":"https:\/\/vecses-zarszerviz.hu\/?page_id=7","title":{"rendered":"Kapcsolat \/ Regisztr\u00e1ci\u00f3"},"content":{"rendered":"<h1 style=\"text-align: center;\">Tel: <a href=\"tel:0629815391\">06 29 815 391<\/a><\/h1>\n<h2>ITT AZ IDEJE, HOGY BEL\u00c9PJEN TAGJAINK K\u00d6Z\u00c9<\/h2>\n<p>\u00cdme n\u00e9h\u00e1ny indok, hogy mi\u00e9rt jelentkezzen m\u00e9g ma: nyaral\u00e1s k\u00f6zben elvesz\u00edti kocsij\u00e1nak kulcsait. Soha nem tudhatja, mikor l\u00e9p ki egy alkalmazottja an\u00e9lk\u00fcl, hogy visszaadn\u00e1 a kulcsokat. Nem tervezi, hogy b\u00e1rmikor kiz\u00e1rja mag\u00e1t kocsij\u00e1b\u00f3l, lak\u00e1s\u00e1b\u00f3l vagy irod\u00e1j\u00e1b\u00f3l. Senki nem tudhatja, mikor ker\u00fcl olyan v\u00e9szhelyzetbe, amikor sz\u00fcks\u00e9ge lehet az \u00e1ltalunk k\u00edn\u00e1lt szolg\u00e1ltat\u00e1sokra.<\/p>\n<h2>TAGS\u00c1GGAL J\u00c1R\u00d3 EL\u0150NY\u00d6K<\/h2>\n<p>Els\u0151bbs\u00e9gi \u00fcgyfel\u00fcnkk\u00e9 v\u00e1lik, gyorsabb szolg\u00e1ltat\u00e1sokban r\u00e9szes\u00fcl. <strong>INGYENES<\/strong> biztons\u00e1gi tan\u00e1csad\u00e1s 10 % kedvezm\u00e9ny az \u00f6sszes szolg\u00e1ltat\u00e1sunkra Kiterjesztett garancia az \u00faj beszerel\u00e9s\u0171 z\u00e1rakra Kiemelt \u00fcgyf\u00e9lkapcsolati munkat\u00e1rs \u00e9s lakatos szakember foglalkozik \u00d6nnel. Amennyiben beaj\u00e1nl minket egy bar\u00e1tj\u00e1nak vagy csal\u00e1dtagj\u00e1nak, tagk\u00e9nt 15 % kedvezm\u00e9nyt kap k\u00f6vetkez\u0151 szolg\u00e1ltat\u00e1sunkb\u00f3l.<\/p>\n","protected":false},"excerpt":{"rendered":"<p>Tel: 06 29 815 391 ITT AZ IDEJE, HOGY BEL\u00c9PJEN TAGJAINK K\u00d6Z\u00c9 \u00cdme n\u00e9h\u00e1ny indok, hogy mi\u00e9rt jelentkezzen m\u00e9g ma: nyaral\u00e1s k\u00f6zben elvesz\u00edti kocsij\u00e1nak kulcsait. Soha nem tudhatja, mikor l\u00e9p ki egy alkalmazottja an\u00e9lk\u00fcl, hogy visszaadn\u00e1 a kulcsokat. Nem tervezi, hogy b\u00e1rmikor kiz\u00e1rja mag\u00e1t kocsij\u00e1b\u00f3l, lak\u00e1s\u00e1b\u00f3l vagy irod\u00e1j\u00e1b\u00f3l. Senki nem tudhatja, mikor ker\u00fcl olyan v\u00e9szhelyzetbe, [&hellip;]<\/p>\n","protected":false},"author":1,"featured_media":0,"parent":0,"menu_order":1,"comment_status":"closed","ping_status":"closed","template":"","meta":[],"_links":{"self":[{"href":"https:\/\/vecses-zarszerviz.hu\/index.php?rest_route=\/wp\/v2\/pages\/7"}],"collection":[{"href":"https:\/\/vecses-zarszerviz.hu\/index.php?rest_route=\/wp\/v2\/pages"}],"about":[{"href":"https:\/\/vecses-zarszerviz.hu\/index.php?rest_route=\/wp\/v2\/types\/page"}],"author":[{"embeddable":true,"href":"https:\/\/vecses-zarszerviz.hu\/index.php?rest_route=\/wp\/v2\/users\/1"}],"replies":[{"embeddable":true,"href":"https:\/\/vecses-zarszerviz.hu\/index.php?rest_route=%2Fwp%2Fv2%2Fcomments&post=7"}],"version-history":[{"count":5,"href":"https:\/\/vecses-zarszerviz.hu\/index.php?rest_route=\/wp\/v2\/pages\/7\/revisions"}],"predecessor-version":[{"id":19,"href":"https:\/\/vecses-zarszerviz.hu\/index.php?rest_route=\/wp\/v2\/pages\/7\/revisions\/19"}],"wp:attachment":[{"href":"https:\/\/vecses-zarszerviz.hu\/index.php?rest_route=%2Fwp%2Fv2%2Fmedia&parent=7"}],"curies":[{"name":"wp","href":"https:\/\/api.w.org\/{rel}","templated":true}]}}